                                        
                                        
                                        
                                        
                                        
                                        
                                        
                                        
                                        
                                        
                                        
                                        
                                        
                                        
                                        
                                        
                                        
                                        
{"id":2334,"date":"2020-07-01T12:15:56","date_gmt":"2020-07-01T10:15:56","guid":{"rendered":"http:\/\/oriamendi.vl20218.dinaserver.com\/?page_id=2334"},"modified":"2020-09-24T15:11:42","modified_gmt":"2020-09-24T13:11:42","slug":"historia","status":"publish","type":"page","link":"https:\/\/oriamendi.eus\/es\/historia\/","title":{"rendered":"Historia"},"content":{"rendered":"\n[et_pb_section fb_built=\u00bb1&#8243; _builder_version=\u00bb3.22.7&#8243; custom_margin=\u00bb40px||\u00bb][et_pb_row _builder_version=\u00bb3.25&#8243; max_width=\u00bb80%\u00bb custom_margin=\u00bb||20px\u00bb][et_pb_column type=\u00bb4_4&#8243; _builder_version=\u00bb3.25&#8243; custom_padding=\u00bb|||\u00bb custom_css_main_element=\u00bbpadding-right:10px !important;\u00bb custom_padding__hover=\u00bb|||\u00bb][et_pb_image src=\u00bbhttps:\/\/oriamendi.eus\/wp-content\/uploads\/2019\/05\/border-top.jpg\u00bb align=\u00bbcenter\u00bb align_tablet=\u00bbcenter\u00bb align_phone=\u00bb\u00bb align_last_edited=\u00bbon|desktop\u00bb _builder_version=\u00bb3.23&#8243; custom_margin=\u00bb||15px\u00bb][\/et_pb_image][et_pb_text _builder_version=\u00bb4.4.8&#8243; header_font=\u00bbFjalla One|||on|||||\u00bb]<h1 style=\"text-align: center;\">Nuesta Historia, de d\u00f3nde venimos, a d\u00f3nde vamos.<\/h1>\n<p style=\"text-align: center;\"><a href=\"http:\/\/www.euskalpilota.org\/pub\/listarDocumentos.asp?idioma=ca&amp;IdGrupo=1\"><\/a><\/p>[\/et_pb_text][\/et_pb_column][\/et_pb_row][\/et_pb_section][et_pb_section fb_built=\u00bb1&#8243; _builder_version=\u00bb3.22.7&#8243; custom_margin=\u00bb20px||20px\u00bb][et_pb_row column_structure=\u00bb1_4,1_2,1_4&#8243; _builder_version=\u00bb4.4.8&#8243;][et_pb_column type=\u00bb1_4&#8243; _builder_version=\u00bb3.25&#8243; custom_padding=\u00bb|||\u00bb custom_padding__hover=\u00bb|||\u00bb][\/et_pb_column][et_pb_column type=\u00bb1_2&#8243; _builder_version=\u00bb3.25&#8243; custom_padding=\u00bb|||\u00bb custom_padding__hover=\u00bb|||\u00bb][et_pb_text _builder_version=\u00bb4.4.8&#8243; custom_css_main_element=\u00bbtext-align: justify !important;\u00bb]<p style=\"text-align: center;\"><strong>Oriamendi<\/strong> es una empresa creada en 2010 por ex remontistas profesionales con el claro objetivo de mantener el remonte, una modalidad tan antigua como nuestra.<br \/> Trabaja con ah\u00ednco organizando campeonatos profesionales, gestionando la escuela, fabricando sus propios materiales de manera artesanal\u2026 y con ese sentimiento cultural y de pertenencia siguen trabajando d\u00eda a d\u00eda.<\/p>\n<p style=\"text-align: center;\"><a href=\"http:\/\/www.euskalpilota.org\/pub\/listarDocumentos.asp?idioma=ca&amp;IdGrupo=1\"><\/a><\/p>[\/et_pb_text][\/et_pb_column][et_pb_column type=\u00bb1_4&#8243; _builder_version=\u00bb3.25&#8243; custom_padding=\u00bb|||\u00bb custom_padding__hover=\u00bb|||\u00bb][\/et_pb_column][\/et_pb_row][\/et_pb_section][et_pb_section fb_built=\u00bb1&#8243; _builder_version=\u00bb3.22.7&#8243;][et_pb_row column_structure=\u00bb1_4,1_4,1_4,1_4&#8243; disabled_on=\u00bboff|on|off\u00bb _builder_version=\u00bb3.25&#8243; max_width=\u00bb80%\u00bb][et_pb_column type=\u00bb1_4&#8243; _builder_version=\u00bb3.25&#8243; custom_padding=\u00bb|||\u00bb custom_css_main_element=\u00bbpadding-right:10px !important;\u00bb custom_padding__hover=\u00bb|||\u00bb][et_pb_image src=\u00bbhttps:\/\/oriamendi.eus\/wp-content\/uploads\/2020\/07\/presentacion-galarreta-jai-alai-1.jpg\u00bb show_in_lightbox=\u00bbon\u00bb align_tablet=\u00bbcenter\u00bb align_phone=\u00bb\u00bb align_last_edited=\u00bbon|desktop\u00bb _builder_version=\u00bb3.23&#8243; custom_css_main_element=\u00bbmargin-bottom:10px !important;\u00bb][\/et_pb_image][et_pb_image src=\u00bbhttps:\/\/oriamendi.eus\/wp-content\/uploads\/2020\/07\/galarreta-jai-alai-1.jpg\u00bb show_in_lightbox=\u00bbon\u00bb align_tablet=\u00bbcenter\u00bb align_phone=\u00bb\u00bb align_last_edited=\u00bbon|desktop\u00bb _builder_version=\u00bb3.23&#8243; custom_css_main_element=\u00bbmargin-bottom:10px !important;\u00bb][\/et_pb_image][et_pb_image src=\u00bbhttps:\/\/oriamendi.eus\/wp-content\/uploads\/2020\/07\/Inauguracion-Galarreta-14-6-1970-1.jpg\u00bb show_in_lightbox=\u00bbon\u00bb align_tablet=\u00bbcenter\u00bb align_phone=\u00bb\u00bb align_last_edited=\u00bbon|desktop\u00bb _builder_version=\u00bb3.23&#8243; custom_css_main_element=\u00bbmargin-bottom:10px !important;\u00bb][\/et_pb_image][\/et_pb_column][et_pb_column type=\u00bb1_4&#8243; _builder_version=\u00bb3.25&#8243; custom_padding=\u00bb|||\u00bb custom_css_main_element=\u00bbpadding-right:10px !important;\u00bb custom_padding__hover=\u00bb|||\u00bb][et_pb_image src=\u00bbhttps:\/\/oriamendi.eus\/wp-content\/uploads\/2020\/07\/Juan-Etxenike-galarreta-jai-alai-1.jpg\u00bb show_in_lightbox=\u00bbon\u00bb align_tablet=\u00bbcenter\u00bb align_phone=\u00bb\u00bb align_last_edited=\u00bbon|desktop\u00bb _builder_version=\u00bb3.23&#8243; custom_css_main_element=\u00bbmargin-bottom:10px !important;\u00bb][\/et_pb_image][et_pb_image src=\u00bbhttps:\/\/oriamendi.eus\/wp-content\/uploads\/2020\/07\/galarreta-jai-alai-1970-1-1.jpg\u00bb show_in_lightbox=\u00bbon\u00bb align_tablet=\u00bbcenter\u00bb align_phone=\u00bb\u00bb align_last_edited=\u00bbon|desktop\u00bb _builder_version=\u00bb3.23&#8243; custom_css_main_element=\u00bbmargin-bottom:10px !important;\u00bb][\/et_pb_image][et_pb_image src=\u00bbhttps:\/\/oriamendi.eus\/wp-content\/uploads\/2020\/07\/iturain-abrego-galarreta-jai-alai-1.jpg\u00bb show_in_lightbox=\u00bbon\u00bb align_tablet=\u00bbcenter\u00bb align_phone=\u00bb\u00bb align_last_edited=\u00bbon|desktop\u00bb _builder_version=\u00bb3.23&#8243; custom_css_main_element=\u00bbmargin-bottom: 10px !important;||\u00bb][\/et_pb_image][\/et_pb_column][et_pb_column type=\u00bb1_4&#8243; _builder_version=\u00bb3.25&#8243; custom_padding=\u00bb|||\u00bb custom_css_main_element=\u00bbpadding-right:10px !important;\u00bb custom_padding__hover=\u00bb|||\u00bb][et_pb_image src=\u00bbhttps:\/\/oriamendi.eus\/wp-content\/uploads\/2020\/07\/elizalde-oriamendi-galarreta-jai-alai-1.jpg\u00bb show_in_lightbox=\u00bbon\u00bb align_tablet=\u00bbcenter\u00bb align_phone=\u00bb\u00bb align_last_edited=\u00bbon|desktop\u00bb _builder_version=\u00bb3.23&#8243; custom_css_main_element=\u00bbmargin-bottom:10px !important;\u00bb][\/et_pb_image][et_pb_image src=\u00bbhttps:\/\/oriamendi.eus\/wp-content\/uploads\/2020\/07\/Altuna-I-oriamendi-galarreta-jai-alai-1.jpg\u00bb show_in_lightbox=\u00bbon\u00bb align_tablet=\u00bbcenter\u00bb align_phone=\u00bb\u00bb align_last_edited=\u00bbon|desktop\u00bb _builder_version=\u00bb3.23&#8243; custom_css_main_element=\u00bbmargin-bottom:10px !important;\u00bb][\/et_pb_image][et_pb_image src=\u00bbhttps:\/\/oriamendi.eus\/wp-content\/uploads\/2020\/07\/1909-pamplona-1.jpg\u00bb show_in_lightbox=\u00bbon\u00bb align_tablet=\u00bbcenter\u00bb align_phone=\u00bb\u00bb align_last_edited=\u00bbon|desktop\u00bb _builder_version=\u00bb3.23&#8243; custom_css_main_element=\u00bbmargin-bottom:10px !important;\u00bb][\/et_pb_image][\/et_pb_column][et_pb_column type=\u00bb1_4&#8243; _builder_version=\u00bb3.25&#8243; custom_padding=\u00bb|||\u00bb custom_css_main_element=\u00bbpadding-right:10px !important;\u00bb custom_padding__hover=\u00bb|||\u00bb][et_pb_image src=\u00bbhttps:\/\/oriamendi.eus\/wp-content\/uploads\/2020\/07\/iturain-galarreta-jai-alai-1.jpg\u00bb show_in_lightbox=\u00bbon\u00bb align_tablet=\u00bbcenter\u00bb align_phone=\u00bb\u00bb align_last_edited=\u00bbon|desktop\u00bb _builder_version=\u00bb3.23&#8243; custom_css_main_element=\u00bbmargin-bottom:10px !important;\u00bb][\/et_pb_image][et_pb_image src=\u00bbhttps:\/\/oriamendi.eus\/wp-content\/uploads\/2020\/07\/galarreta-jai-alai-1970-2.jpg\u00bb show_in_lightbox=\u00bbon\u00bb align_tablet=\u00bbcenter\u00bb align_phone=\u00bb\u00bb align_last_edited=\u00bbon|desktop\u00bb _builder_version=\u00bb3.23&#8243; custom_css_main_element=\u00bbmargin-bottom:10px !important;\u00bb][\/et_pb_image][\/et_pb_column][\/et_pb_row][\/et_pb_section][et_pb_section fb_built=\u00bb1&#8243; _builder_version=\u00bb4.4.8&#8243; custom_margin=\u00bb2%||||false|false\u00bb][et_pb_row column_structure=\u00bb1_4,1_2,1_4&#8243; _builder_version=\u00bb3.25&#8243;][et_pb_column type=\u00bb1_4&#8243; _builder_version=\u00bb3.25&#8243; custom_padding=\u00bb|||\u00bb custom_padding__hover=\u00bb|||\u00bb][\/et_pb_column][et_pb_column type=\u00bb1_2&#8243; _builder_version=\u00bb3.25&#8243; custom_padding=\u00bb|||\u00bb custom_padding__hover=\u00bb|||\u00bb][et_pb_text _builder_version=\u00bb4.4.8&#8243; text_font=\u00bb||||||||\u00bb link_font=\u00bb|700|||||||\u00bb link_text_color=\u00bb#e02b20&#8243; ul_font=\u00bb||||||||\u00bb]<p style=\"text-align: center;\">El\u00a0<a href=\"http:\/\/es.wikipedia.org\/wiki\/Remonte_%28pelota_vasca%29\" target=\"_blank\" rel=\"noopener noreferrer\">Remonte<\/a> es una modalidad de pelota que se practica desde 1904. La velocidad que coge la pelota y la fuerza que para ello necesita el pelotari hacen que sea una de las modalidades m\u00e1s espectaculares.<\/p>\n<p style=\"text-align: center;\">Esta modalidad de juego de pelota vio la luz gracias a la iniciativa de <a href=\"http:\/\/es.wikipedia.org\/w\/index.php?title=Juanito_Moya&amp;action=edit&amp;redlink=1\">Juanito Moya<\/a>. En su momento constituy\u00f3 toda una novedad en una sociedad en la que la pelota acaparaba mucho protagonismo, y en especial el juego en los <a href=\"http:\/\/es.wikipedia.org\/wiki\/Front%C3%B3n\">frontones<\/a> largos. Moya, un pelotari menudo, ide\u00f3 esta herramienta para hacer frente a otros contrincantes m\u00e1s potentes, contra los que se enfrentaba en la modalidad de guante. El resultado fue un \u00e9xito tremendo, pues gracias al remonte este peque\u00f1o pelotari lograba extender la pelota m\u00e1s lejos y con m\u00e1s velocidad que cualquier otro.<\/p>[\/et_pb_text][\/et_pb_column][et_pb_column type=\u00bb1_4&#8243; _builder_version=\u00bb3.25&#8243; custom_padding=\u00bb|||\u00bb custom_padding__hover=\u00bb|||\u00bb][\/et_pb_column][\/et_pb_row][\/et_pb_section]\n","protected":false},"excerpt":{"rendered":"","protected":false},"author":1,"featured_media":0,"parent":0,"menu_order":0,"comment_status":"closed","ping_status":"closed","template":"","meta":{"_et_pb_use_builder":"on","_et_pb_old_content":"","_et_gb_content_width":"","footnotes":""},"yoast_head":"<!-- This site is optimized with the Yoast SEO plugin v21.8 - https:\/\/yoast.com\/wordpress\/plugins\/seo\/ -->\n<title>Historia | Oriamendi 2010<\/title>\n<meta name=\"description\" content=\"Oriamendi es una empresa creada en 2010 por ex remontistas profesionales. El Remonte es una modalidad de pelota que se practica desde 1904.\" \/>\n<meta name=\"robots\" content=\"index, follow, max-snippet:-1, max-image-preview:large, max-video-preview:-1\" \/>\n<link rel=\"canonical\" href=\"https:\/\/oriamendi.eus\/es\/historia\/\" \/>\n<meta property=\"og:locale\" content=\"es_ES\" \/>\n<meta property=\"og:type\" content=\"article\" \/>\n<meta property=\"og:title\" content=\"Historia | Oriamendi 2010\" \/>\n<meta property=\"og:description\" content=\"Oriamendi es una empresa creada en 2010 por ex remontistas profesionales. El Remonte es una modalidad de pelota que se practica desde 1904.\" \/>\n<meta property=\"og:url\" content=\"https:\/\/oriamendi.eus\/es\/historia\/\" \/>\n<meta property=\"og:site_name\" content=\"Oriamendi 2010\" \/>\n<meta property=\"article:publisher\" content=\"https:\/\/www.facebook.com\/oriamendi2010remonte\/\" \/>\n<meta property=\"article:modified_time\" content=\"2020-09-24T13:11:42+00:00\" \/>\n<meta name=\"twitter:card\" content=\"summary_large_image\" \/>\n<meta name=\"twitter:site\" content=\"@oriamendi2010\" \/>\n<meta name=\"twitter:label1\" content=\"Tiempo de lectura\" \/>\n\t<meta name=\"twitter:data1\" content=\"5 minutos\" \/>\n<script type=\"application\/ld+json\" class=\"yoast-schema-graph\">{\"@context\":\"https:\/\/schema.org\",\"@graph\":[{\"@type\":\"WebPage\",\"@id\":\"https:\/\/oriamendi.eus\/es\/historia\/\",\"url\":\"https:\/\/oriamendi.eus\/es\/historia\/\",\"name\":\"Historia | Oriamendi 2010\",\"isPartOf\":{\"@id\":\"https:\/\/oriamendi.eus\/es\/#website\"},\"datePublished\":\"2020-07-01T10:15:56+00:00\",\"dateModified\":\"2020-09-24T13:11:42+00:00\",\"description\":\"Oriamendi es una empresa creada en 2010 por ex remontistas profesionales. El Remonte es una modalidad de pelota que se practica desde 1904.\",\"breadcrumb\":{\"@id\":\"https:\/\/oriamendi.eus\/es\/historia\/#breadcrumb\"},\"inLanguage\":\"es\",\"potentialAction\":[{\"@type\":\"ReadAction\",\"target\":[\"https:\/\/oriamendi.eus\/es\/historia\/\"]}]},{\"@type\":\"BreadcrumbList\",\"@id\":\"https:\/\/oriamendi.eus\/es\/historia\/#breadcrumb\",\"itemListElement\":[{\"@type\":\"ListItem\",\"position\":1,\"name\":\"Portada\",\"item\":\"https:\/\/oriamendi.eus\/es\/\"},{\"@type\":\"ListItem\",\"position\":2,\"name\":\"Historia\"}]},{\"@type\":\"WebSite\",\"@id\":\"https:\/\/oriamendi.eus\/es\/#website\",\"url\":\"https:\/\/oriamendi.eus\/es\/\",\"name\":\"Oriamendi\",\"description\":\"Remonte en Galarreta. Hernani. Gipuzkoa\",\"publisher\":{\"@id\":\"https:\/\/oriamendi.eus\/es\/#organization\"},\"potentialAction\":[{\"@type\":\"SearchAction\",\"target\":{\"@type\":\"EntryPoint\",\"urlTemplate\":\"https:\/\/oriamendi.eus\/es\/?s={search_term_string}\"},\"query-input\":\"required name=search_term_string\"}],\"inLanguage\":\"es\"},{\"@type\":\"Organization\",\"@id\":\"https:\/\/oriamendi.eus\/es\/#organization\",\"name\":\"Oriamendi\",\"url\":\"https:\/\/oriamendi.eus\/es\/\",\"logo\":{\"@type\":\"ImageObject\",\"inLanguage\":\"es\",\"@id\":\"https:\/\/oriamendi.eus\/es\/#\/schema\/logo\/image\/\",\"url\":\"https:\/\/oriamendi.eus\/wp-content\/uploads\/2020\/06\/logo-oriamendi.png\",\"contentUrl\":\"https:\/\/oriamendi.eus\/wp-content\/uploads\/2020\/06\/logo-oriamendi.png\",\"width\":300,\"height\":90,\"caption\":\"Oriamendi\"},\"image\":{\"@id\":\"https:\/\/oriamendi.eus\/es\/#\/schema\/logo\/image\/\"},\"sameAs\":[\"https:\/\/www.facebook.com\/oriamendi2010remonte\/\",\"https:\/\/twitter.com\/oriamendi2010\",\"https:\/\/www.instagram.com\/galarretajaialai\/\",\"https:\/\/www.youtube.com\/channel\/UC8gVNzQqB1iwnC-_rI-ihmA\/featured\"]}]}<\/script>\n<!-- \/ Yoast SEO plugin. -->","yoast_head_json":{"title":"Historia | Oriamendi 2010","description":"Oriamendi es una empresa creada en 2010 por ex remontistas profesionales. El Remonte es una modalidad de pelota que se practica desde 1904.","robots":{"index":"index","follow":"follow","max-snippet":"max-snippet:-1","max-image-preview":"max-image-preview:large","max-video-preview":"max-video-preview:-1"},"canonical":"https:\/\/oriamendi.eus\/es\/historia\/","og_locale":"es_ES","og_type":"article","og_title":"Historia | Oriamendi 2010","og_description":"Oriamendi es una empresa creada en 2010 por ex remontistas profesionales. El Remonte es una modalidad de pelota que se practica desde 1904.","og_url":"https:\/\/oriamendi.eus\/es\/historia\/","og_site_name":"Oriamendi 2010","article_publisher":"https:\/\/www.facebook.com\/oriamendi2010remonte\/","article_modified_time":"2020-09-24T13:11:42+00:00","twitter_card":"summary_large_image","twitter_site":"@oriamendi2010","twitter_misc":{"Tiempo de lectura":"5 minutos"},"schema":{"@context":"https:\/\/schema.org","@graph":[{"@type":"WebPage","@id":"https:\/\/oriamendi.eus\/es\/historia\/","url":"https:\/\/oriamendi.eus\/es\/historia\/","name":"Historia | Oriamendi 2010","isPartOf":{"@id":"https:\/\/oriamendi.eus\/es\/#website"},"datePublished":"2020-07-01T10:15:56+00:00","dateModified":"2020-09-24T13:11:42+00:00","description":"Oriamendi es una empresa creada en 2010 por ex remontistas profesionales. El Remonte es una modalidad de pelota que se practica desde 1904.","breadcrumb":{"@id":"https:\/\/oriamendi.eus\/es\/historia\/#breadcrumb"},"inLanguage":"es","potentialAction":[{"@type":"ReadAction","target":["https:\/\/oriamendi.eus\/es\/historia\/"]}]},{"@type":"BreadcrumbList","@id":"https:\/\/oriamendi.eus\/es\/historia\/#breadcrumb","itemListElement":[{"@type":"ListItem","position":1,"name":"Portada","item":"https:\/\/oriamendi.eus\/es\/"},{"@type":"ListItem","position":2,"name":"Historia"}]},{"@type":"WebSite","@id":"https:\/\/oriamendi.eus\/es\/#website","url":"https:\/\/oriamendi.eus\/es\/","name":"Oriamendi","description":"Remonte en Galarreta. Hernani. Gipuzkoa","publisher":{"@id":"https:\/\/oriamendi.eus\/es\/#organization"},"potentialAction":[{"@type":"SearchAction","target":{"@type":"EntryPoint","urlTemplate":"https:\/\/oriamendi.eus\/es\/?s={search_term_string}"},"query-input":"required name=search_term_string"}],"inLanguage":"es"},{"@type":"Organization","@id":"https:\/\/oriamendi.eus\/es\/#organization","name":"Oriamendi","url":"https:\/\/oriamendi.eus\/es\/","logo":{"@type":"ImageObject","inLanguage":"es","@id":"https:\/\/oriamendi.eus\/es\/#\/schema\/logo\/image\/","url":"https:\/\/oriamendi.eus\/wp-content\/uploads\/2020\/06\/logo-oriamendi.png","contentUrl":"https:\/\/oriamendi.eus\/wp-content\/uploads\/2020\/06\/logo-oriamendi.png","width":300,"height":90,"caption":"Oriamendi"},"image":{"@id":"https:\/\/oriamendi.eus\/es\/#\/schema\/logo\/image\/"},"sameAs":["https:\/\/www.facebook.com\/oriamendi2010remonte\/","https:\/\/twitter.com\/oriamendi2010","https:\/\/www.instagram.com\/galarretajaialai\/","https:\/\/www.youtube.com\/channel\/UC8gVNzQqB1iwnC-_rI-ihmA\/featured"]}]}},"_links":{"self":[{"href":"https:\/\/oriamendi.eus\/es\/wp-json\/wp\/v2\/pages\/2334"}],"collection":[{"href":"https:\/\/oriamendi.eus\/es\/wp-json\/wp\/v2\/pages"}],"about":[{"href":"https:\/\/oriamendi.eus\/es\/wp-json\/wp\/v2\/types\/page"}],"author":[{"embeddable":true,"href":"https:\/\/oriamendi.eus\/es\/wp-json\/wp\/v2\/users\/1"}],"replies":[{"embeddable":true,"href":"https:\/\/oriamendi.eus\/es\/wp-json\/wp\/v2\/comments?post=2334"}],"version-history":[{"count":47,"href":"https:\/\/oriamendi.eus\/es\/wp-json\/wp\/v2\/pages\/2334\/revisions"}],"predecessor-version":[{"id":4697,"href":"https:\/\/oriamendi.eus\/es\/wp-json\/wp\/v2\/pages\/2334\/revisions\/4697"}],"wp:attachment":[{"href":"https:\/\/oriamendi.eus\/es\/wp-json\/wp\/v2\/media?parent=2334"}],"curies":[{"name":"wp","href":"https:\/\/api.w.org\/{rel}","templated":true}]}}